{"id":535,"date":"2023-06-22T23:08:28","date_gmt":"2023-06-22T23:08:28","guid":{"rendered":"https:\/\/draanaluizabernardes.com.br\/?page_id=535"},"modified":"2023-06-25T15:03:19","modified_gmt":"2023-06-25T15:03:19","slug":"servicos","status":"publish","type":"page","link":"https:\/\/draanaluizabernardes.com.br\/?page_id=535","title":{"rendered":"Servi\u00e7os"},"content":{"rendered":"\t\t<div data-elementor-type=\"wp-page\" data-elementor-id=\"535\" class=\"elementor elementor-535\" data-elementor-post-type=\"page\">\n\t\t\t\t<div class=\"elementor-element elementor-element-847aa9a e-con-full e-flex e-con e-parent\" data-id=\"847aa9a\" data-element_type=\"container\" data-settings=\"{&quot;background_background&quot;:&quot;slideshow&quot;,&quot;background_slideshow_gallery&quot;:[{&quot;id&quot;:118,&quot;url&quot;:&quot;https:\\\/\\\/draanaluizabernardes.com.br\\\/wp-content\\\/uploads\\\/2023\\\/06\\\/bg01.webp&quot;}],&quot;background_slideshow_loop&quot;:&quot;yes&quot;,&quot;background_slideshow_slide_duration&quot;:5000,&quot;background_slideshow_slide_transition&quot;:&quot;fade&quot;,&quot;background_slideshow_transition_duration&quot;:500}\">\n\t\t<div class=\"elementor-element elementor-element-69da1d3 e-con-full e-flex e-con e-parent\" data-id=\"69da1d3\" data-element_type=\"container\" data-settings=\"{&quot;background_background&quot;:&quot;classic&quot;}\">\n\t\t\t\t<\/div>\n\t\t\t\t<\/div>\n\t\t<div class=\"elementor-element elementor-element-22180c2 e-con-full e-flex e-con e-parent\" data-id=\"22180c2\" data-element_type=\"container\">\n\t\t<div class=\"elementor-element elementor-element-9c5ff25 e-con-full e-flex e-con e-parent\" data-id=\"9c5ff25\" data-element_type=\"container\">\n\t\t\t\t<div class=\"elementor-element elementor-element-0fc0836 elementor-widget elementor-widget-heading\" data-id=\"0fc0836\" data-element_type=\"widget\" data-widget_type=\"heading.default\">\n\t\t\t\t<div class=\"elementor-widget-container\">\n\t\t\t\t\t<h2 class=\"elementor-heading-title elementor-size-default\">Nossos servi\u00e7os<\/h2>\t\t\t\t<\/div>\n\t\t\t\t<\/div>\n\t\t\t\t<div class=\"elementor-element elementor-element-18f07f1 elementor-widget elementor-widget-heading\" data-id=\"18f07f1\" data-element_type=\"widget\" data-widget_type=\"heading.default\">\n\t\t\t\t<div class=\"elementor-widget-container\">\n\t\t\t\t\t<h2 class=\"elementor-heading-title elementor-size-default\">Temos grande experi\u00eancia em variados<\/h2>\t\t\t\t<\/div>\n\t\t\t\t<\/div>\n\t\t\t\t<div class=\"elementor-element elementor-element-9b83671 elementor-widget elementor-widget-heading\" data-id=\"9b83671\" data-element_type=\"widget\" data-widget_type=\"heading.default\">\n\t\t\t\t<div class=\"elementor-widget-container\">\n\t\t\t\t\t<h2 class=\"elementor-heading-title elementor-size-default\">tipos de doen\u00e7as oftalmol\u00f3gicas.<\/h2>\t\t\t\t<\/div>\n\t\t\t\t<\/div>\n\t\t\t\t<\/div>\n\t\t\t\t<\/div>\n\t\t<div class=\"elementor-element elementor-element-420ae29 e-con-full e-flex e-con e-parent\" data-id=\"420ae29\" data-element_type=\"container\">\n\t\t<div class=\"elementor-element elementor-element-d5597f7 e-con-full e-flex e-con e-parent\" data-id=\"d5597f7\" data-element_type=\"container\">\n\t\t<div class=\"elementor-element elementor-element-e8ab6c2 e-con-full e-flex e-con e-parent\" data-id=\"e8ab6c2\" data-element_type=\"container\">\n\t\t<div class=\"elementor-element elementor-element-6bc000a e-con-full e-flex e-con e-parent\" data-id=\"6bc000a\" data-element_type=\"container\">\n\t\t<div class=\"elementor-element elementor-element-4a21e9a e-con-full e-flex e-con e-parent\" data-id=\"4a21e9a\" data-element_type=\"container\" data-settings=\"{&quot;background_background&quot;:&quot;slideshow&quot;,&quot;background_slideshow_gallery&quot;:[{&quot;id&quot;:824,&quot;url&quot;:&quot;https:\\\/\\\/draanaluizabernardes.com.br\\\/wp-content\\\/uploads\\\/2023\\\/06\\\/rfoc01.webp&quot;}],&quot;background_slideshow_loop&quot;:&quot;yes&quot;,&quot;background_slideshow_slide_duration&quot;:5000,&quot;background_slideshow_slide_transition&quot;:&quot;fade&quot;,&quot;background_slideshow_transition_duration&quot;:500}\">\n\t\t\t\t<\/div>\n\t\t<div class=\"elementor-element elementor-element-d899fb1 e-con-full e-flex e-con e-parent\" data-id=\"d899fb1\" data-element_type=\"container\">\n\t\t<div class=\"elementor-element elementor-element-66f407e e-con-full e-flex e-con e-parent\" data-id=\"66f407e\" data-element_type=\"container\">\n\t\t\t\t<div class=\"elementor-element elementor-element-e559fab elementor-widget elementor-widget-heading\" data-id=\"e559fab\" data-element_type=\"widget\" data-widget_type=\"heading.default\">\n\t\t\t\t<div class=\"elementor-widget-container\">\n\t\t\t\t\t<h2 class=\"elementor-heading-title elementor-size-default\">Refra\u00e7\u00e3o<\/h2>\t\t\t\t<\/div>\n\t\t\t\t<\/div>\n\t\t\t\t<\/div>\n\t\t<div class=\"elementor-element elementor-element-f0f0aae e-con-full e-flex e-con e-parent\" data-id=\"f0f0aae\" data-element_type=\"container\">\n\t\t\t\t<div class=\"elementor-element elementor-element-7349eec elementor-widget elementor-widget-text-editor\" data-id=\"7349eec\" data-element_type=\"widget\" data-widget_type=\"text-editor.default\">\n\t\t\t\t<div class=\"elementor-widget-container\">\n\t\t\t\t\t\t\t\t\t<p align=\"justify\">A refra\u00e7\u00e3o tamb\u00e9m \u00e9 conhecida como o exame do \u00f3culos, exame de vista ou do grau. Esse exame tem o objetivo de detectar a dificuldade visual do paciente.<\/p>\t\t\t\t\t\t\t\t<\/div>\n\t\t\t\t<\/div>\n\t\t\t\t<\/div>\n\t\t<div class=\"elementor-element elementor-element-f7dc7fd e-con-full e-flex e-con e-parent\" data-id=\"f7dc7fd\" data-element_type=\"container\">\n\t\t\t\t<div class=\"elementor-element elementor-element-bfe76a0 elementor-widget elementor-widget-button\" data-id=\"bfe76a0\" data-element_type=\"widget\" data-widget_type=\"button.default\">\n\t\t\t\t<div class=\"elementor-widget-container\">\n\t\t\t\t\t\t\t\t\t<div class=\"elementor-button-wrapper\">\n\t\t\t\t\t<a class=\"elementor-button elementor-button-link elementor-size-sm elementor-animation-push\" href=\"#\">\n\t\t\t\t\t\t<span class=\"elementor-button-content-wrapper\">\n\t\t\t\t\t\t<span class=\"elementor-button-icon\">\n\t\t\t\t<i aria-hidden=\"true\" class=\"fas fa-chevron-right\"><\/i>\t\t\t<\/span>\n\t\t\t\t\t\t\t\t\t<span class=\"elementor-button-text\">Saiba mais<\/span>\n\t\t\t\t\t<\/span>\n\t\t\t\t\t<\/a>\n\t\t\t\t<\/div>\n\t\t\t\t\t\t\t\t<\/div>\n\t\t\t\t<\/div>\n\t\t\t\t<\/div>\n\t\t\t\t<\/div>\n\t\t\t\t<\/div>\n\t\t<div class=\"elementor-element elementor-element-eea9e0d e-con-full e-flex e-con e-parent\" data-id=\"eea9e0d\" data-element_type=\"container\">\n\t\t<div class=\"elementor-element elementor-element-d165da9 e-con-full e-flex e-con e-parent\" data-id=\"d165da9\" data-element_type=\"container\" data-settings=\"{&quot;background_background&quot;:&quot;slideshow&quot;,&quot;background_slideshow_gallery&quot;:[{&quot;id&quot;:845,&quot;url&quot;:&quot;https:\\\/\\\/draanaluizabernardes.com.br\\\/wp-content\\\/uploads\\\/2023\\\/06\\\/mpir002.webp&quot;}],&quot;background_slideshow_loop&quot;:&quot;yes&quot;,&quot;background_slideshow_slide_duration&quot;:5000,&quot;background_slideshow_slide_transition&quot;:&quot;fade&quot;,&quot;background_slideshow_transition_duration&quot;:500}\">\n\t\t\t\t<\/div>\n\t\t<div class=\"elementor-element elementor-element-c8f1c5e e-con-full e-flex e-con e-parent\" data-id=\"c8f1c5e\" data-element_type=\"container\">\n\t\t<div class=\"elementor-element elementor-element-7544f2d e-con-full e-flex e-con e-parent\" data-id=\"7544f2d\" data-element_type=\"container\">\n\t\t\t\t<div class=\"elementor-element elementor-element-fb374a8 elementor-widget elementor-widget-heading\" data-id=\"fb374a8\" data-element_type=\"widget\" data-widget_type=\"heading.default\">\n\t\t\t\t<div class=\"elementor-widget-container\">\n\t\t\t\t\t<h2 class=\"elementor-heading-title elementor-size-default\">Mapeamento de retina<\/h2>\t\t\t\t<\/div>\n\t\t\t\t<\/div>\n\t\t\t\t<\/div>\n\t\t<div class=\"elementor-element elementor-element-e87800c e-con-full e-flex e-con e-parent\" data-id=\"e87800c\" data-element_type=\"container\">\n\t\t\t\t<div class=\"elementor-element elementor-element-150f280 elementor-widget elementor-widget-text-editor\" data-id=\"150f280\" data-element_type=\"widget\" data-widget_type=\"text-editor.default\">\n\t\t\t\t<div class=\"elementor-widget-container\">\n\t\t\t\t\t\t\t\t\t<p align=\"justify\">O mapeamento de retina \u00e9 um exame realizado com pupilas dilatadas, e te o objeto de visualizar em 3 dimens\u00f5es todas as estruturas do segmento posterior do olho, incluindo a retina e o nervo optico<\/p>\t\t\t\t\t\t\t\t<\/div>\n\t\t\t\t<\/div>\n\t\t\t\t<\/div>\n\t\t<div class=\"elementor-element elementor-element-a83cd7f e-con-full e-flex e-con e-parent\" data-id=\"a83cd7f\" data-element_type=\"container\">\n\t\t\t\t<div class=\"elementor-element elementor-element-5e6af78 elementor-widget elementor-widget-button\" data-id=\"5e6af78\" data-element_type=\"widget\" data-widget_type=\"button.default\">\n\t\t\t\t<div class=\"elementor-widget-container\">\n\t\t\t\t\t\t\t\t\t<div class=\"elementor-button-wrapper\">\n\t\t\t\t\t<a class=\"elementor-button elementor-button-link elementor-size-sm elementor-animation-push\" href=\"#\">\n\t\t\t\t\t\t<span class=\"elementor-button-content-wrapper\">\n\t\t\t\t\t\t<span class=\"elementor-button-icon\">\n\t\t\t\t<i aria-hidden=\"true\" class=\"fas fa-chevron-right\"><\/i>\t\t\t<\/span>\n\t\t\t\t\t\t\t\t\t<span class=\"elementor-button-text\">Saiba mais<\/span>\n\t\t\t\t\t<\/span>\n\t\t\t\t\t<\/a>\n\t\t\t\t<\/div>\n\t\t\t\t\t\t\t\t<\/div>\n\t\t\t\t<\/div>\n\t\t\t\t<\/div>\n\t\t\t\t<\/div>\n\t\t\t\t<\/div>\n\t\t<div class=\"elementor-element elementor-element-aaad78a e-con-full e-flex e-con e-parent\" data-id=\"aaad78a\" data-element_type=\"container\">\n\t\t<div class=\"elementor-element elementor-element-0ae9f36 e-con-full e-flex e-con e-parent\" data-id=\"0ae9f36\" data-element_type=\"container\" data-settings=\"{&quot;background_background&quot;:&quot;slideshow&quot;,&quot;background_slideshow_gallery&quot;:[{&quot;id&quot;:827,&quot;url&quot;:&quot;https:\\\/\\\/draanaluizabernardes.com.br\\\/wp-content\\\/uploads\\\/2023\\\/06\\\/bioop01.webp&quot;}],&quot;background_slideshow_loop&quot;:&quot;yes&quot;,&quot;background_slideshow_slide_duration&quot;:5000,&quot;background_slideshow_slide_transition&quot;:&quot;fade&quot;,&quot;background_slideshow_transition_duration&quot;:500}\">\n\t\t\t\t<\/div>\n\t\t<div class=\"elementor-element elementor-element-ab70ce1 e-con-full e-flex e-con e-parent\" data-id=\"ab70ce1\" data-element_type=\"container\">\n\t\t<div class=\"elementor-element elementor-element-3fd93b3 e-con-full e-flex e-con e-parent\" data-id=\"3fd93b3\" data-element_type=\"container\">\n\t\t\t\t<div class=\"elementor-element elementor-element-0d6bc73 elementor-widget elementor-widget-heading\" data-id=\"0d6bc73\" data-element_type=\"widget\" data-widget_type=\"heading.default\">\n\t\t\t\t<div class=\"elementor-widget-container\">\n\t\t\t\t\t<h2 class=\"elementor-heading-title elementor-size-default\">Biomicroscopia e Fundoscopia<\/h2>\t\t\t\t<\/div>\n\t\t\t\t<\/div>\n\t\t\t\t<\/div>\n\t\t<div class=\"elementor-element elementor-element-3cb4661 e-con-full e-flex e-con e-parent\" data-id=\"3cb4661\" data-element_type=\"container\">\n\t\t\t\t<div class=\"elementor-element elementor-element-dd103dd elementor-widget elementor-widget-text-editor\" data-id=\"dd103dd\" data-element_type=\"widget\" data-widget_type=\"text-editor.default\">\n\t\t\t\t<div class=\"elementor-widget-container\">\n\t\t\t\t\t\t\t\t\t<p align=\"justify\">A biomicroscopia e a fundoscopia s\u00e3o os exames mais importantes e b\u00e1sicos da oftalmologia. Realizados na l\u00e2mpada de fenda, o oftalmologista tem acesso com detalhes a quase todas estruturas do olho.<\/p>\t\t\t\t\t\t\t\t<\/div>\n\t\t\t\t<\/div>\n\t\t\t\t<\/div>\n\t\t<div class=\"elementor-element elementor-element-d5568f6 e-con-full e-flex e-con e-parent\" data-id=\"d5568f6\" data-element_type=\"container\">\n\t\t\t\t<div class=\"elementor-element elementor-element-578ab36 elementor-widget elementor-widget-button\" data-id=\"578ab36\" data-element_type=\"widget\" data-widget_type=\"button.default\">\n\t\t\t\t<div class=\"elementor-widget-container\">\n\t\t\t\t\t\t\t\t\t<div class=\"elementor-button-wrapper\">\n\t\t\t\t\t<a class=\"elementor-button elementor-button-link elementor-size-sm elementor-animation-push\" href=\"#\">\n\t\t\t\t\t\t<span class=\"elementor-button-content-wrapper\">\n\t\t\t\t\t\t<span class=\"elementor-button-icon\">\n\t\t\t\t<i aria-hidden=\"true\" class=\"fas fa-chevron-right\"><\/i>\t\t\t<\/span>\n\t\t\t\t\t\t\t\t\t<span class=\"elementor-button-text\">Saiba mais<\/span>\n\t\t\t\t\t<\/span>\n\t\t\t\t\t<\/a>\n\t\t\t\t<\/div>\n\t\t\t\t\t\t\t\t<\/div>\n\t\t\t\t<\/div>\n\t\t\t\t<\/div>\n\t\t\t\t<\/div>\n\t\t\t\t<\/div>\n\t\t\t\t<\/div>\n\t\t<div class=\"elementor-element elementor-element-6170677 e-con-full e-flex e-con e-parent\" data-id=\"6170677\" data-element_type=\"container\">\n\t\t<div class=\"elementor-element elementor-element-34de598 e-con-full e-flex e-con e-parent\" data-id=\"34de598\" data-element_type=\"container\">\n\t\t<div class=\"elementor-element elementor-element-e3a93f6 e-con-full e-flex e-con e-parent\" data-id=\"e3a93f6\" data-element_type=\"container\" data-settings=\"{&quot;background_background&quot;:&quot;slideshow&quot;,&quot;background_slideshow_gallery&quot;:[{&quot;id&quot;:831,&quot;url&quot;:&quot;https:\\\/\\\/draanaluizabernardes.com.br\\\/wp-content\\\/uploads\\\/2023\\\/06\\\/lpfd01.webp&quot;}],&quot;background_slideshow_loop&quot;:&quot;yes&quot;,&quot;background_slideshow_slide_duration&quot;:5000,&quot;background_slideshow_slide_transition&quot;:&quot;fade&quot;,&quot;background_slideshow_transition_duration&quot;:500}\">\n\t\t\t\t<\/div>\n\t\t<div class=\"elementor-element elementor-element-acfec0f e-con-full e-flex e-con e-parent\" data-id=\"acfec0f\" data-element_type=\"container\">\n\t\t<div class=\"elementor-element elementor-element-59fb202 e-con-full e-flex e-con e-parent\" data-id=\"59fb202\" data-element_type=\"container\">\n\t\t\t\t<div class=\"elementor-element elementor-element-df77185 elementor-widget elementor-widget-heading\" data-id=\"df77185\" data-element_type=\"widget\" data-widget_type=\"heading.default\">\n\t\t\t\t<div class=\"elementor-widget-container\">\n\t\t\t\t\t<h2 class=\"elementor-heading-title elementor-size-default\">Tonometria<\/h2>\t\t\t\t<\/div>\n\t\t\t\t<\/div>\n\t\t\t\t<\/div>\n\t\t<div class=\"elementor-element elementor-element-9a3f203 e-con-full e-flex e-con e-parent\" data-id=\"9a3f203\" data-element_type=\"container\">\n\t\t\t\t<div class=\"elementor-element elementor-element-44ec1c0 elementor-widget elementor-widget-text-editor\" data-id=\"44ec1c0\" data-element_type=\"widget\" data-widget_type=\"text-editor.default\">\n\t\t\t\t<div class=\"elementor-widget-container\">\n\t\t\t\t\t\t\t\t\t<p align=\"justify\">Exame tamb\u00e9m realizado na l\u00e2mpada de fenda, a tonometria \u00e9 feita com o ton\u00f4metro de aplana\u00e7\u00e3o (conhecido tamb\u00e9m como de Goldmann), e permite a aferi\u00e7\u00e3o da press\u00e3o intraocular (PIO) do paciente<\/p>\t\t\t\t\t\t\t\t<\/div>\n\t\t\t\t<\/div>\n\t\t\t\t<\/div>\n\t\t<div class=\"elementor-element elementor-element-0683ddb e-con-full e-flex e-con e-parent\" data-id=\"0683ddb\" data-element_type=\"container\">\n\t\t\t\t<div class=\"elementor-element elementor-element-63a7b24 elementor-widget elementor-widget-button\" data-id=\"63a7b24\" data-element_type=\"widget\" data-widget_type=\"button.default\">\n\t\t\t\t<div class=\"elementor-widget-container\">\n\t\t\t\t\t\t\t\t\t<div class=\"elementor-button-wrapper\">\n\t\t\t\t\t<a class=\"elementor-button elementor-button-link elementor-size-sm elementor-animation-push\" href=\"#\">\n\t\t\t\t\t\t<span class=\"elementor-button-content-wrapper\">\n\t\t\t\t\t\t<span class=\"elementor-button-icon\">\n\t\t\t\t<i aria-hidden=\"true\" class=\"fas fa-chevron-right\"><\/i>\t\t\t<\/span>\n\t\t\t\t\t\t\t\t\t<span class=\"elementor-button-text\">Saiba mais<\/span>\n\t\t\t\t\t<\/span>\n\t\t\t\t\t<\/a>\n\t\t\t\t<\/div>\n\t\t\t\t\t\t\t\t<\/div>\n\t\t\t\t<\/div>\n\t\t\t\t<\/div>\n\t\t\t\t<\/div>\n\t\t\t\t<\/div>\n\t\t<div class=\"elementor-element elementor-element-d921297 e-con-full e-flex e-con e-parent\" data-id=\"d921297\" data-element_type=\"container\">\n\t\t<div class=\"elementor-element elementor-element-bf90560 e-con-full e-flex e-con e-parent\" data-id=\"bf90560\" data-element_type=\"container\" data-settings=\"{&quot;background_background&quot;:&quot;slideshow&quot;,&quot;background_slideshow_gallery&quot;:[{&quot;id&quot;:846,&quot;url&quot;:&quot;https:\\\/\\\/draanaluizabernardes.com.br\\\/wp-content\\\/uploads\\\/2023\\\/06\\\/gnop01.webp&quot;}],&quot;background_slideshow_loop&quot;:&quot;yes&quot;,&quot;background_slideshow_slide_duration&quot;:5000,&quot;background_slideshow_slide_transition&quot;:&quot;fade&quot;,&quot;background_slideshow_transition_duration&quot;:500}\">\n\t\t\t\t<\/div>\n\t\t<div class=\"elementor-element elementor-element-8aaaa3d e-con-full e-flex e-con e-parent\" data-id=\"8aaaa3d\" data-element_type=\"container\">\n\t\t<div class=\"elementor-element elementor-element-ca415ff e-con-full e-flex e-con e-parent\" data-id=\"ca415ff\" data-element_type=\"container\">\n\t\t\t\t<div class=\"elementor-element elementor-element-1f31b0b elementor-widget elementor-widget-heading\" data-id=\"1f31b0b\" data-element_type=\"widget\" data-widget_type=\"heading.default\">\n\t\t\t\t<div class=\"elementor-widget-container\">\n\t\t\t\t\t<h2 class=\"elementor-heading-title elementor-size-default\">Gonioscopia<\/h2>\t\t\t\t<\/div>\n\t\t\t\t<\/div>\n\t\t\t\t<\/div>\n\t\t<div class=\"elementor-element elementor-element-ded5501 e-con-full e-flex e-con e-parent\" data-id=\"ded5501\" data-element_type=\"container\">\n\t\t\t\t<div class=\"elementor-element elementor-element-cc91481 elementor-widget elementor-widget-text-editor\" data-id=\"cc91481\" data-element_type=\"widget\" data-widget_type=\"text-editor.default\">\n\t\t\t\t<div class=\"elementor-widget-container\">\n\t\t\t\t\t\t\t\t\t<p align=\"justify\">A gonioscopia \u00e9 um procedimento que visualiza o \u00e2ngulo entre a c\u00f3rnea e a \u00edris, com o objetivo de avaliar poss\u00edveis altera\u00e7\u00f5es no escoamento do humor aquoso, l\u00edquido que tem como fun\u00e7\u00e3o nutri\u00e7\u00e3o da c\u00f3rnea e cristalino e manuten\u00e7\u00e3o da press\u00e3o intraocular (PIO).<\/p>\t\t\t\t\t\t\t\t<\/div>\n\t\t\t\t<\/div>\n\t\t\t\t<\/div>\n\t\t<div class=\"elementor-element elementor-element-4303a2a e-con-full e-flex e-con e-parent\" data-id=\"4303a2a\" data-element_type=\"container\">\n\t\t\t\t<div class=\"elementor-element elementor-element-cfe7fa8 elementor-widget elementor-widget-button\" data-id=\"cfe7fa8\" data-element_type=\"widget\" data-widget_type=\"button.default\">\n\t\t\t\t<div class=\"elementor-widget-container\">\n\t\t\t\t\t\t\t\t\t<div class=\"elementor-button-wrapper\">\n\t\t\t\t\t<a class=\"elementor-button elementor-button-link elementor-size-sm elementor-animation-push\" href=\"#\">\n\t\t\t\t\t\t<span class=\"elementor-button-content-wrapper\">\n\t\t\t\t\t\t<span class=\"elementor-button-icon\">\n\t\t\t\t<i aria-hidden=\"true\" class=\"fas fa-chevron-right\"><\/i>\t\t\t<\/span>\n\t\t\t\t\t\t\t\t\t<span class=\"elementor-button-text\">Saiba mais<\/span>\n\t\t\t\t\t<\/span>\n\t\t\t\t\t<\/a>\n\t\t\t\t<\/div>\n\t\t\t\t\t\t\t\t<\/div>\n\t\t\t\t<\/div>\n\t\t\t\t<\/div>\n\t\t\t\t<\/div>\n\t\t\t\t<\/div>\n\t\t<div class=\"elementor-element elementor-element-48ce1d8 e-con-full e-flex e-con e-parent\" data-id=\"48ce1d8\" data-element_type=\"container\">\n\t\t<div class=\"elementor-element elementor-element-d601d0a e-con-full e-flex e-con e-parent\" data-id=\"d601d0a\" data-element_type=\"container\" data-settings=\"{&quot;background_background&quot;:&quot;slideshow&quot;,&quot;background_slideshow_gallery&quot;:[{&quot;id&quot;:853,&quot;url&quot;:&quot;https:\\\/\\\/draanaluizabernardes.com.br\\\/wp-content\\\/uploads\\\/2023\\\/06\\\/tno01.webp&quot;}],&quot;background_slideshow_loop&quot;:&quot;yes&quot;,&quot;background_slideshow_slide_duration&quot;:5000,&quot;background_slideshow_slide_transition&quot;:&quot;fade&quot;,&quot;background_slideshow_transition_duration&quot;:500}\">\n\t\t\t\t<\/div>\n\t\t<div class=\"elementor-element elementor-element-4398d1b e-con-full e-flex e-con e-parent\" data-id=\"4398d1b\" data-element_type=\"container\">\n\t\t<div class=\"elementor-element elementor-element-0cac073 e-con-full e-flex e-con e-parent\" data-id=\"0cac073\" data-element_type=\"container\">\n\t\t\t\t<div class=\"elementor-element elementor-element-1c316aa elementor-widget elementor-widget-heading\" data-id=\"1c316aa\" data-element_type=\"widget\" data-widget_type=\"heading.default\">\n\t\t\t\t<div class=\"elementor-widget-container\">\n\t\t\t\t\t<h2 class=\"elementor-heading-title elementor-size-default\">Curva di\u00e1ria de press\u00e3o<\/h2>\t\t\t\t<\/div>\n\t\t\t\t<\/div>\n\t\t\t\t<\/div>\n\t\t<div class=\"elementor-element elementor-element-4f54e8b e-con-full e-flex e-con e-parent\" data-id=\"4f54e8b\" data-element_type=\"container\">\n\t\t\t\t<div class=\"elementor-element elementor-element-7d21ce5 elementor-widget elementor-widget-text-editor\" data-id=\"7d21ce5\" data-element_type=\"widget\" data-widget_type=\"text-editor.default\">\n\t\t\t\t<div class=\"elementor-widget-container\">\n\t\t\t\t\t\t\t\t\t<p align=\"justify\">A Curva Di\u00e1ria de Press\u00e3o, tamb\u00e9m conhecida como Curva Tensional Di\u00e1ria \u00e9 um exame que consiste na medida da press\u00e3o intraocular (PIO) por diversas vezes ao longo de um per\u00edodo.<\/p>\t\t\t\t\t\t\t\t<\/div>\n\t\t\t\t<\/div>\n\t\t\t\t<\/div>\n\t\t<div class=\"elementor-element elementor-element-ae7d9f3 e-con-full e-flex e-con e-parent\" data-id=\"ae7d9f3\" data-element_type=\"container\">\n\t\t\t\t<div class=\"elementor-element elementor-element-fe65765 elementor-widget elementor-widget-button\" data-id=\"fe65765\" data-element_type=\"widget\" data-widget_type=\"button.default\">\n\t\t\t\t<div class=\"elementor-widget-container\">\n\t\t\t\t\t\t\t\t\t<div class=\"elementor-button-wrapper\">\n\t\t\t\t\t<a class=\"elementor-button elementor-button-link elementor-size-sm elementor-animation-push\" href=\"#\">\n\t\t\t\t\t\t<span class=\"elementor-button-content-wrapper\">\n\t\t\t\t\t\t<span class=\"elementor-button-icon\">\n\t\t\t\t<i aria-hidden=\"true\" class=\"fas fa-chevron-right\"><\/i>\t\t\t<\/span>\n\t\t\t\t\t\t\t\t\t<span class=\"elementor-button-text\">Saiba mais<\/span>\n\t\t\t\t\t<\/span>\n\t\t\t\t\t<\/a>\n\t\t\t\t<\/div>\n\t\t\t\t\t\t\t\t<\/div>\n\t\t\t\t<\/div>\n\t\t\t\t<\/div>\n\t\t\t\t<\/div>\n\t\t\t\t<\/div>\n\t\t\t\t<\/div>\n\t\t\t\t<\/div>\n\t\t\t\t<\/div>\n\t\t\t\t<\/div>\n\t\t","protected":false},"excerpt":{"rendered":"<p>Nossos servi\u00e7os Temos grande experi\u00eancia em variados tipos de doen\u00e7as oftalmol\u00f3gicas. Refra\u00e7\u00e3o A refra\u00e7\u00e3o tamb\u00e9m \u00e9 conhecida como o exame do \u00f3culos, exame de vista ou do grau. Esse exame tem o objetivo de detectar a dificuldade visual do paciente. Saiba mais Mapeamento de retina O mapeamento de retina \u00e9 um exame realizado com pupilas [&hellip;]<\/p>\n","protected":false},"author":1,"featured_media":0,"parent":0,"menu_order":0,"comment_status":"closed","ping_status":"closed","template":"elementor_header_footer","meta":{"inline_featured_image":false,"_joinchat":[],"footnotes":""},"class_list":["post-535","page","type-page","status-publish","hentry"],"_links":{"self":[{"href":"https:\/\/draanaluizabernardes.com.br\/index.php?rest_route=\/wp\/v2\/pages\/535","targetHints":{"allow":["GET"]}}],"collection":[{"href":"https:\/\/draanaluizabernardes.com.br\/index.php?rest_route=\/wp\/v2\/pages"}],"about":[{"href":"https:\/\/draanaluizabernardes.com.br\/index.php?rest_route=\/wp\/v2\/types\/page"}],"author":[{"embeddable":true,"href":"https:\/\/draanaluizabernardes.com.br\/index.php?rest_route=\/wp\/v2\/users\/1"}],"replies":[{"embeddable":true,"href":"https:\/\/draanaluizabernardes.com.br\/index.php?rest_route=%2Fwp%2Fv2%2Fcomments&post=535"}],"version-history":[{"count":58,"href":"https:\/\/draanaluizabernardes.com.br\/index.php?rest_route=\/wp\/v2\/pages\/535\/revisions"}],"predecessor-version":[{"id":865,"href":"https:\/\/draanaluizabernardes.com.br\/index.php?rest_route=\/wp\/v2\/pages\/535\/revisions\/865"}],"wp:attachment":[{"href":"https:\/\/draanaluizabernardes.com.br\/index.php?rest_route=%2Fwp%2Fv2%2Fmedia&parent=535"}],"curies":[{"name":"wp","href":"https:\/\/api.w.org\/{rel}","templated":true}]}}