{"id":539,"date":"2023-06-22T23:09:02","date_gmt":"2023-06-22T23:09:02","guid":{"rendered":"https:\/\/draanaluizabernardes.com.br\/?page_id=539"},"modified":"2023-06-25T15:38:51","modified_gmt":"2023-06-25T15:38:51","slug":"contato","status":"publish","type":"page","link":"https:\/\/draanaluizabernardes.com.br\/?page_id=539","title":{"rendered":"Contato"},"content":{"rendered":"\t\t<div data-elementor-type=\"wp-page\" data-elementor-id=\"539\" class=\"elementor elementor-539\" data-elementor-post-type=\"page\">\n\t\t\t\t<div class=\"elementor-element elementor-element-d1a7e0f e-con-full e-flex e-con e-parent\" data-id=\"d1a7e0f\" data-element_type=\"container\" data-settings=\"{&quot;background_background&quot;:&quot;slideshow&quot;,&quot;background_slideshow_gallery&quot;:[{&quot;id&quot;:894,&quot;url&quot;:&quot;https:\\\/\\\/draanaluizabernardes.com.br\\\/wp-content\\\/uploads\\\/2023\\\/06\\\/ct01.webp&quot;}],&quot;background_slideshow_loop&quot;:&quot;yes&quot;,&quot;background_slideshow_slide_duration&quot;:5000,&quot;background_slideshow_slide_transition&quot;:&quot;fade&quot;,&quot;background_slideshow_transition_duration&quot;:500}\">\n\t\t<div class=\"elementor-element elementor-element-237491d e-con-full e-flex e-con e-parent\" data-id=\"237491d\" data-element_type=\"container\" data-settings=\"{&quot;background_background&quot;:&quot;classic&quot;}\">\n\t\t\t\t<\/div>\n\t\t\t\t<\/div>\n\t\t<div class=\"elementor-element elementor-element-2b6fb58 e-con-full e-flex e-con e-parent\" data-id=\"2b6fb58\" data-element_type=\"container\">\n\t\t<div class=\"elementor-element elementor-element-f78963a e-con-full e-flex e-con e-parent\" data-id=\"f78963a\" data-element_type=\"container\">\n\t\t\t\t<div class=\"elementor-element elementor-element-da91e00 elementor-widget elementor-widget-heading\" data-id=\"da91e00\" data-element_type=\"widget\" data-widget_type=\"heading.default\">\n\t\t\t\t<div class=\"elementor-widget-container\">\n\t\t\t\t\t<h2 class=\"elementor-heading-title elementor-size-default\">ENTRE EM CONTATO<\/h2>\t\t\t\t<\/div>\n\t\t\t\t<\/div>\n\t\t\t\t<div class=\"elementor-element elementor-element-bf968d2 elementor-widget elementor-widget-heading\" data-id=\"bf968d2\" data-element_type=\"widget\" data-widget_type=\"heading.default\">\n\t\t\t\t<div class=\"elementor-widget-container\">\n\t\t\t\t\t<h2 class=\"elementor-heading-title elementor-size-default\">PRESERVAMOS,<\/h2>\t\t\t\t<\/div>\n\t\t\t\t<\/div>\n\t\t\t\t<div class=\"elementor-element elementor-element-eb566f1 elementor-widget elementor-widget-heading\" data-id=\"eb566f1\" data-element_type=\"widget\" data-widget_type=\"heading.default\">\n\t\t\t\t<div class=\"elementor-widget-container\">\n\t\t\t\t\t<h2 class=\"elementor-heading-title elementor-size-default\">APRIMORAMOS E PROTEGEMOS SUA VIS\u00c3O<\/h2>\t\t\t\t<\/div>\n\t\t\t\t<\/div>\n\t\t\t\t<div class=\"elementor-element elementor-element-f203bf0 elementor-widget elementor-widget-heading\" data-id=\"f203bf0\" data-element_type=\"widget\" data-widget_type=\"heading.default\">\n\t\t\t\t<div class=\"elementor-widget-container\">\n\t\t\t\t\t<h2 class=\"elementor-heading-title elementor-size-default\">O atendente garantir\u00e1 que voc\u00ea receba os melhores cuidados poss\u00edveis.<\/h2>\t\t\t\t<\/div>\n\t\t\t\t<\/div>\n\t\t\t\t<\/div>\n\t\t\t\t<\/div>\n\t\t<div class=\"elementor-element elementor-element-1df5ce8 e-con-full e-flex e-con e-parent\" data-id=\"1df5ce8\" data-element_type=\"container\">\n\t\t<div class=\"elementor-element elementor-element-e7f7673 e-con-full e-flex e-con e-parent\" data-id=\"e7f7673\" data-element_type=\"container\">\n\t\t<div class=\"elementor-element elementor-element-e36196d e-con-full e-flex e-con e-parent\" data-id=\"e36196d\" data-element_type=\"container\">\n\t\t<div class=\"elementor-element elementor-element-5b68521 e-con-full e-flex e-con e-parent\" data-id=\"5b68521\" data-element_type=\"container\">\n\t\t\t\t<div class=\"elementor-element elementor-element-0309501 elementor-view-default elementor-widget elementor-widget-icon\" data-id=\"0309501\" data-element_type=\"widget\" data-widget_type=\"icon.default\">\n\t\t\t\t<div class=\"elementor-widget-container\">\n\t\t\t\t\t\t\t<div class=\"elementor-icon-wrapper\">\n\t\t\t<div class=\"elementor-icon\">\n\t\t\t<i aria-hidden=\"true\" class=\"fas fa-headset\"><\/i>\t\t\t<\/div>\n\t\t<\/div>\n\t\t\t\t\t\t<\/div>\n\t\t\t\t<\/div>\n\t\t\t\t<div class=\"elementor-element elementor-element-dbffccf elementor-widget elementor-widget-heading\" data-id=\"dbffccf\" data-element_type=\"widget\" data-widget_type=\"heading.default\">\n\t\t\t\t<div class=\"elementor-widget-container\">\n\t\t\t\t\t<h2 class=\"elementor-heading-title elementor-size-default\">Telefones<\/h2>\t\t\t\t<\/div>\n\t\t\t\t<\/div>\n\t\t\t\t<\/div>\n\t\t<div class=\"elementor-element elementor-element-d52366a e-con-full e-flex e-con e-parent\" data-id=\"d52366a\" data-element_type=\"container\">\n\t\t\t\t<div class=\"elementor-element elementor-element-c1917cf elementor-widget elementor-widget-text-editor\" data-id=\"c1917cf\" data-element_type=\"widget\" data-widget_type=\"text-editor.default\">\n\t\t\t\t<div class=\"elementor-widget-container\">\n\t\t\t\t\t\t\t\t\t<p>Fixo: (xx) xxxx-xx<br \/>Whatsapp: (xx) x.xxxx-xxxx<\/p>\t\t\t\t\t\t\t\t<\/div>\n\t\t\t\t<\/div>\n\t\t\t\t<\/div>\n\t\t<div class=\"elementor-element elementor-element-67131ac e-con-full e-flex e-con e-parent\" data-id=\"67131ac\" data-element_type=\"container\">\n\t\t\t\t<div class=\"elementor-element elementor-element-ac01f1c elementor-widget elementor-widget-button\" data-id=\"ac01f1c\" data-element_type=\"widget\" data-widget_type=\"button.default\">\n\t\t\t\t<div class=\"elementor-widget-container\">\n\t\t\t\t\t\t\t\t\t<div class=\"elementor-button-wrapper\">\n\t\t\t\t\t<a class=\"elementor-button elementor-button-link elementor-size-sm elementor-animation-grow\" href=\"#\">\n\t\t\t\t\t\t<span class=\"elementor-button-content-wrapper\">\n\t\t\t\t\t\t<span class=\"elementor-button-icon\">\n\t\t\t\t<i aria-hidden=\"true\" class=\"fas fa-arrow-right\"><\/i>\t\t\t<\/span>\n\t\t\t\t\t\t\t\t\t<span class=\"elementor-button-text\">ENVIAR MENSAGEM WHATSAPP<\/span>\n\t\t\t\t\t<\/span>\n\t\t\t\t\t<\/a>\n\t\t\t\t<\/div>\n\t\t\t\t\t\t\t\t<\/div>\n\t\t\t\t<\/div>\n\t\t\t\t<\/div>\n\t\t\t\t<\/div>\n\t\t<div class=\"elementor-element elementor-element-2ff8c0b e-con-full e-flex e-con e-parent\" data-id=\"2ff8c0b\" data-element_type=\"container\">\n\t\t<div class=\"elementor-element elementor-element-71a86ec e-con-full e-flex e-con e-parent\" data-id=\"71a86ec\" data-element_type=\"container\">\n\t\t\t\t<div class=\"elementor-element elementor-element-c126993 elementor-view-default elementor-widget elementor-widget-icon\" data-id=\"c126993\" data-element_type=\"widget\" data-widget_type=\"icon.default\">\n\t\t\t\t<div class=\"elementor-widget-container\">\n\t\t\t\t\t\t\t<div class=\"elementor-icon-wrapper\">\n\t\t\t<div class=\"elementor-icon\">\n\t\t\t<i aria-hidden=\"true\" class=\"fas fa-map-marker-alt\"><\/i>\t\t\t<\/div>\n\t\t<\/div>\n\t\t\t\t\t\t<\/div>\n\t\t\t\t<\/div>\n\t\t\t\t<div class=\"elementor-element elementor-element-d43bb4c elementor-widget elementor-widget-heading\" data-id=\"d43bb4c\" data-element_type=\"widget\" data-widget_type=\"heading.default\">\n\t\t\t\t<div class=\"elementor-widget-container\">\n\t\t\t\t\t<h2 class=\"elementor-heading-title elementor-size-default\">Endere\u00e7o<\/h2>\t\t\t\t<\/div>\n\t\t\t\t<\/div>\n\t\t\t\t<\/div>\n\t\t<div class=\"elementor-element elementor-element-e65981e e-con-full e-flex e-con e-parent\" data-id=\"e65981e\" data-element_type=\"container\">\n\t\t\t\t<div class=\"elementor-element elementor-element-2650282 elementor-widget elementor-widget-text-editor\" data-id=\"2650282\" data-element_type=\"widget\" data-widget_type=\"text-editor.default\">\n\t\t\t\t<div class=\"elementor-widget-container\">\n\t\t\t\t\t\t\t\t\t<p>Rua Lorem Ipsun, 500<br \/>Lorem Ipsum \u2013 S\u00e3o Paulo \u2013 SP<br \/>CEP xxxxx-xxx<\/p>\t\t\t\t\t\t\t\t<\/div>\n\t\t\t\t<\/div>\n\t\t\t\t<\/div>\n\t\t<div class=\"elementor-element elementor-element-2f68896 e-con-full e-flex e-con e-parent\" data-id=\"2f68896\" data-element_type=\"container\">\n\t\t\t\t<\/div>\n\t\t\t\t<\/div>\n\t\t<div class=\"elementor-element elementor-element-7bebebe e-con-full e-flex e-con e-parent\" data-id=\"7bebebe\" data-element_type=\"container\">\n\t\t<div class=\"elementor-element elementor-element-7ceb3e9 e-con-full e-flex e-con e-parent\" data-id=\"7ceb3e9\" data-element_type=\"container\">\n\t\t\t\t<div class=\"elementor-element elementor-element-7b1e84f elementor-view-default elementor-widget elementor-widget-icon\" data-id=\"7b1e84f\" data-element_type=\"widget\" data-widget_type=\"icon.default\">\n\t\t\t\t<div class=\"elementor-widget-container\">\n\t\t\t\t\t\t\t<div class=\"elementor-icon-wrapper\">\n\t\t\t<div class=\"elementor-icon\">\n\t\t\t<i aria-hidden=\"true\" class=\"fas fa-map-marker-alt\"><\/i>\t\t\t<\/div>\n\t\t<\/div>\n\t\t\t\t\t\t<\/div>\n\t\t\t\t<\/div>\n\t\t\t\t<div class=\"elementor-element elementor-element-c0a4e38 elementor-widget elementor-widget-heading\" data-id=\"c0a4e38\" data-element_type=\"widget\" data-widget_type=\"heading.default\">\n\t\t\t\t<div class=\"elementor-widget-container\">\n\t\t\t\t\t<h2 class=\"elementor-heading-title elementor-size-default\">E-mail<\/h2>\t\t\t\t<\/div>\n\t\t\t\t<\/div>\n\t\t\t\t<\/div>\n\t\t<div class=\"elementor-element elementor-element-b617481 e-con-full e-flex e-con e-parent\" data-id=\"b617481\" data-element_type=\"container\">\n\t\t\t\t<div class=\"elementor-element elementor-element-f3e2a90 elementor-widget elementor-widget-text-editor\" data-id=\"f3e2a90\" data-element_type=\"widget\" data-widget_type=\"text-editor.default\">\n\t\t\t\t<div class=\"elementor-widget-container\">\n\t\t\t\t\t\t\t\t\t<p>contato@draanaluizabernardes.com.br<\/p>\t\t\t\t\t\t\t\t<\/div>\n\t\t\t\t<\/div>\n\t\t\t\t<\/div>\n\t\t<div class=\"elementor-element elementor-element-eaccd11 e-con-full e-flex e-con e-parent\" data-id=\"eaccd11\" data-element_type=\"container\">\n\t\t\t\t<\/div>\n\t\t\t\t<\/div>\n\t\t\t\t<\/div>\n\t\t\t\t<\/div>\n\t\t<div class=\"elementor-element elementor-element-d142686 e-con-full e-flex e-con e-parent\" data-id=\"d142686\" data-element_type=\"container\" data-settings=\"{&quot;background_background&quot;:&quot;slideshow&quot;,&quot;background_slideshow_gallery&quot;:[{&quot;id&quot;:465,&quot;url&quot;:&quot;https:\\\/\\\/draanaluizabernardes.com.br\\\/wp-content\\\/uploads\\\/2023\\\/06\\\/bg03.webp&quot;}],&quot;background_slideshow_loop&quot;:&quot;yes&quot;,&quot;background_slideshow_slide_duration&quot;:5000,&quot;background_slideshow_slide_transition&quot;:&quot;fade&quot;,&quot;background_slideshow_transition_duration&quot;:500}\">\n\t\t<div class=\"elementor-element elementor-element-738cc6e e-con-full e-flex e-con e-parent\" data-id=\"738cc6e\" data-element_type=\"container\" data-settings=\"{&quot;background_background&quot;:&quot;classic&quot;}\">\n\t\t<div class=\"elementor-element elementor-element-83acca4 e-flex e-con-boxed e-con e-parent\" data-id=\"83acca4\" data-element_type=\"container\">\n\t\t\t\t\t<div class=\"e-con-inner\">\n\t\t\t\t<div class=\"elementor-element elementor-element-4c44eb7 elementor-widget elementor-widget-heading\" data-id=\"4c44eb7\" data-element_type=\"widget\" data-widget_type=\"heading.default\">\n\t\t\t\t<div class=\"elementor-widget-container\">\n\t\t\t\t\t<h2 class=\"elementor-heading-title elementor-size-default\">AGENDE UMA VISITA<\/h2>\t\t\t\t<\/div>\n\t\t\t\t<\/div>\n\t\t\t\t\t<\/div>\n\t\t\t\t<\/div>\n\t\t<div class=\"elementor-element elementor-element-9c3286a e-flex e-con-boxed e-con e-parent\" data-id=\"9c3286a\" data-element_type=\"container\">\n\t\t\t\t\t<div class=\"e-con-inner\">\n\t\t\t\t<div class=\"elementor-element elementor-element-f95f7a5 elementor-widget elementor-widget-heading\" data-id=\"f95f7a5\" data-element_type=\"widget\" data-widget_type=\"heading.default\">\n\t\t\t\t<div class=\"elementor-widget-container\">\n\t\t\t\t\t<h2 class=\"elementor-heading-title elementor-size-default\">OLHE COM ATEN\u00c7\u00c3O DIARIAMENTE SUA SA\u00daDE<\/h2>\t\t\t\t<\/div>\n\t\t\t\t<\/div>\n\t\t\t\t<div class=\"elementor-element elementor-element-a1c5818 elementor-widget elementor-widget-heading\" data-id=\"a1c5818\" data-element_type=\"widget\" data-widget_type=\"heading.default\">\n\t\t\t\t<div class=\"elementor-widget-container\">\n\t\t\t\t\t<h2 class=\"elementor-heading-title elementor-size-default\">POIS ELA \u00c9 SEU MAIOR BEM.<\/h2>\t\t\t\t<\/div>\n\t\t\t\t<\/div>\n\t\t\t\t\t<\/div>\n\t\t\t\t<\/div>\n\t\t\t\t<\/div>\n\t\t\t\t<\/div>\n\t\t<div class=\"elementor-element elementor-element-4d9f170 e-con-full e-flex e-con e-parent\" data-id=\"4d9f170\" data-element_type=\"container\">\n\t\t<div class=\"elementor-element elementor-element-7f3f46b e-con-full e-flex e-con e-parent\" data-id=\"7f3f46b\" data-element_type=\"container\" data-settings=\"{&quot;background_background&quot;:&quot;classic&quot;}\">\n\t\t<div class=\"elementor-element elementor-element-e9aa6db e-con-full e-flex e-con e-parent\" data-id=\"e9aa6db\" data-element_type=\"container\" data-settings=\"{&quot;background_background&quot;:&quot;slideshow&quot;,&quot;background_slideshow_gallery&quot;:[{&quot;id&quot;:500,&quot;url&quot;:&quot;https:\\\/\\\/draanaluizabernardes.com.br\\\/wp-content\\\/uploads\\\/2023\\\/06\\\/cont01.webp&quot;}],&quot;background_slideshow_loop&quot;:&quot;yes&quot;,&quot;background_slideshow_slide_duration&quot;:5000,&quot;background_slideshow_slide_transition&quot;:&quot;fade&quot;,&quot;background_slideshow_transition_duration&quot;:500}\">\n\t\t\t\t<\/div>\n\t\t<div class=\"elementor-element elementor-element-27e9af6 e-con-full e-flex e-con e-parent\" data-id=\"27e9af6\" data-element_type=\"container\">\n\t\t<div class=\"elementor-element elementor-element-7293c57 e-con-full e-flex e-con e-parent\" data-id=\"7293c57\" data-element_type=\"container\">\n\t\t\t\t<div class=\"elementor-element elementor-element-c8b2393 elementor-widget elementor-widget-heading\" data-id=\"c8b2393\" data-element_type=\"widget\" data-widget_type=\"heading.default\">\n\t\t\t\t<div class=\"elementor-widget-container\">\n\t\t\t\t\t<h2 class=\"elementor-heading-title elementor-size-default\">Nossos atendentes est\u00e3o preparados<\/h2>\t\t\t\t<\/div>\n\t\t\t\t<\/div>\n\t\t\t\t<div class=\"elementor-element elementor-element-026b677 elementor-widget elementor-widget-text-editor\" data-id=\"026b677\" data-element_type=\"widget\" data-widget_type=\"text-editor.default\">\n\t\t\t\t<div class=\"elementor-widget-container\">\n\t\t\t\t\t\t\t\t\t<p>Informe abaixo seus dados pessoais e data\/hor\u00e1rio desejados para seu pr\u00e9-agendamento, assim que poss\u00edvel entraremos em contato para confirmar ou lhe passar uma data mais pr\u00f3xima a desejada.<\/p>\t\t\t\t\t\t\t\t<\/div>\n\t\t\t\t<\/div>\n\t\t\t\t<\/div>\n\t\t<div class=\"elementor-element elementor-element-069da19 e-con-full e-flex e-con e-parent\" data-id=\"069da19\" data-element_type=\"container\">\n\t\t\t\t<div class=\"elementor-element elementor-element-58c8c8b elementor-button-align-stretch elementor-widget elementor-widget-form\" data-id=\"58c8c8b\" data-element_type=\"widget\" data-settings=\"{&quot;step_next_label&quot;:&quot;Pr\\u00f3ximo&quot;,&quot;step_previous_label&quot;:&quot;Anterior&quot;,&quot;button_width&quot;:&quot;100&quot;,&quot;step_type&quot;:&quot;number_text&quot;,&quot;step_icon_shape&quot;:&quot;circle&quot;}\" data-widget_type=\"form.default\">\n\t\t\t\t<div class=\"elementor-widget-container\">\n\t\t\t\t\t\t\t<form class=\"elementor-form\" method=\"post\" name=\"Novo formul\u00e1rio\" aria-label=\"Novo formul\u00e1rio\">\n\t\t\t<input type=\"hidden\" name=\"post_id\" value=\"539\"\/>\n\t\t\t<input type=\"hidden\" name=\"form_id\" value=\"58c8c8b\"\/>\n\t\t\t<input type=\"hidden\" name=\"referer_title\" value=\"Contato\" \/>\n\n\t\t\t\t\t\t\t<input type=\"hidden\" name=\"queried_id\" value=\"539\"\/>\n\t\t\t\n\t\t\t<div class=\"elementor-form-fields-wrapper elementor-labels-above\">\n\t\t\t\t\t\t\t\t<div class=\"elementor-field-type-text elementor-field-group elementor-column elementor-field-group-name elementor-col-100\">\n\t\t\t\t\t\t\t\t\t\t\t\t\t<input size=\"1\" type=\"text\" name=\"form_fields[name]\" id=\"form-field-name\" class=\"elementor-field elementor-size-xl  elementor-field-textual\" placeholder=\"Nome \">\n\t\t\t\t\t\t\t\t\t\t\t<\/div>\n\t\t\t\t\t\t\t\t<div class=\"elementor-field-type-email elementor-field-group elementor-column elementor-field-group-email elementor-col-50 elementor-field-required elementor-mark-required\">\n\t\t\t\t\t\t\t\t\t\t\t\t\t<input size=\"1\" type=\"email\" name=\"form_fields[email]\" id=\"form-field-email\" class=\"elementor-field elementor-size-xl  elementor-field-textual\" placeholder=\"E-mail\" required=\"required\">\n\t\t\t\t\t\t\t\t\t\t\t<\/div>\n\t\t\t\t\t\t\t\t<div class=\"elementor-field-type-tel elementor-field-group elementor-column elementor-field-group-field_55fc0bb elementor-col-50 elementor-field-required elementor-mark-required\">\n\t\t\t\t\t\t\t<input size=\"1\" type=\"tel\" name=\"form_fields[field_55fc0bb]\" id=\"form-field-field_55fc0bb\" class=\"elementor-field elementor-size-xl  elementor-field-textual\" placeholder=\"Telefone\" required=\"required\" pattern=\"[0-9()#&amp;+*-=.]+\" title=\"Apenas n\u00fameros e caracteres de telefone (#, -, *, etc.) s\u00e3o aceitos.\">\n\n\t\t\t\t\t\t<\/div>\n\t\t\t\t\t\t\t\t<div class=\"elementor-field-type-date elementor-field-group elementor-column elementor-field-group-field_2cde37c elementor-col-50\">\n\t\t\t\t\t\t\t\t\t\t\t\t<label for=\"form-field-field_2cde37c\" class=\"elementor-field-label\">\n\t\t\t\t\t\t\t\tData desejada\t\t\t\t\t\t\t<\/label>\n\t\t\t\t\t\t\n\t\t<input type=\"date\" name=\"form_fields[field_2cde37c]\" id=\"form-field-field_2cde37c\" class=\"elementor-field elementor-size-xl  elementor-field-textual elementor-date-field elementor-use-native\" placeholder=\"Data desejada\" pattern=\"[0-9]{4}-[0-9]{2}-[0-9]{2}\">\n\t\t\t\t\t\t<\/div>\n\t\t\t\t\t\t\t\t<div class=\"elementor-field-type-time elementor-field-group elementor-column elementor-field-group-field_d0f8564 elementor-col-50\">\n\t\t\t\t\t\t\t\t\t\t\t\t<label for=\"form-field-field_d0f8564\" class=\"elementor-field-label\">\n\t\t\t\t\t\t\t\tHor\u00e1rio desejado\t\t\t\t\t\t\t<\/label>\n\t\t\t\t\t\t\t\t<input type=\"time\" name=\"form_fields[field_d0f8564]\" id=\"form-field-field_d0f8564\" class=\"elementor-field elementor-size-xl  elementor-field-textual elementor-time-field\">\n\t\t\t\t\t\t<\/div>\n\t\t\t\t\t\t\t\t<div class=\"elementor-field-group elementor-column elementor-field-type-submit elementor-col-100 e-form__buttons\">\n\t\t\t\t\t<button class=\"elementor-button elementor-size-lg\" type=\"submit\">\n\t\t\t\t\t\t<span class=\"elementor-button-content-wrapper\">\n\t\t\t\t\t\t\t\t\t\t\t\t\t\t\t\t\t\t\t\t\t\t<span class=\"elementor-button-text\">PR\u00c9-AGENDAMENTO DE CONSULTA<\/span>\n\t\t\t\t\t\t\t\t\t\t\t\t\t<\/span>\n\t\t\t\t\t<\/button>\n\t\t\t\t<\/div>\n\t\t\t<\/div>\n\t\t<\/form>\n\t\t\t\t\t\t<\/div>\n\t\t\t\t<\/div>\n\t\t\t\t<\/div>\n\t\t\t\t<\/div>\n\t\t\t\t<\/div>\n\t\t\t\t<\/div>\n\t\t<div class=\"elementor-element elementor-element-210e1ef e-con-full e-flex e-con e-parent\" data-id=\"210e1ef\" data-element_type=\"container\">\n\t\t\t\t<div class=\"elementor-element elementor-element-306de9b elementor-widget elementor-widget-google_maps\" data-id=\"306de9b\" data-element_type=\"widget\" data-widget_type=\"google_maps.default\">\n\t\t\t\t<div class=\"elementor-widget-container\">\n\t\t\t\t\t\t\t<div class=\"elementor-custom-embed\">\n\t\t\t<iframe loading=\"lazy\"\n\t\t\t\t\tsrc=\"https:\/\/maps.google.com\/maps?q=Hospital%20med%20center&#038;t=m&#038;z=16&#038;output=embed&#038;iwloc=near\"\n\t\t\t\t\ttitle=\"Hospital med center\"\n\t\t\t\t\taria-label=\"Hospital med center\"\n\t\t\t><\/iframe>\n\t\t<\/div>\n\t\t\t\t\t\t<\/div>\n\t\t\t\t<\/div>\n\t\t\t\t<\/div>\n\t\t\t\t<\/div>\n\t\t","protected":false},"excerpt":{"rendered":"<p>ENTRE EM CONTATO PRESERVAMOS, APRIMORAMOS E PROTEGEMOS SUA VIS\u00c3O O atendente garantir\u00e1 que voc\u00ea receba os melhores cuidados poss\u00edveis. Telefones Fixo: (xx) xxxx-xxWhatsapp: (xx) x.xxxx-xxxx ENVIAR MENSAGEM WHATSAPP Endere\u00e7o Rua Lorem Ipsun, 500Lorem Ipsum \u2013 S\u00e3o Paulo \u2013 SPCEP xxxxx-xxx E-mail contato@draanaluizabernardes.com.br AGENDE UMA VISITA OLHE COM ATEN\u00c7\u00c3O DIARIAMENTE SUA SA\u00daDE POIS ELA \u00c9 SEU [&hellip;]<\/p>\n","protected":false},"author":1,"featured_media":0,"parent":0,"menu_order":0,"comment_status":"closed","ping_status":"closed","template":"","meta":{"inline_featured_image":false,"_joinchat":[],"footnotes":""},"class_list":["post-539","page","type-page","status-publish","hentry"],"_links":{"self":[{"href":"https:\/\/draanaluizabernardes.com.br\/index.php?rest_route=\/wp\/v2\/pages\/539","targetHints":{"allow":["GET"]}}],"collection":[{"href":"https:\/\/draanaluizabernardes.com.br\/index.php?rest_route=\/wp\/v2\/pages"}],"about":[{"href":"https:\/\/draanaluizabernardes.com.br\/index.php?rest_route=\/wp\/v2\/types\/page"}],"author":[{"embeddable":true,"href":"https:\/\/draanaluizabernardes.com.br\/index.php?rest_route=\/wp\/v2\/users\/1"}],"replies":[{"embeddable":true,"href":"https:\/\/draanaluizabernardes.com.br\/index.php?rest_route=%2Fwp%2Fv2%2Fcomments&post=539"}],"version-history":[{"count":40,"href":"https:\/\/draanaluizabernardes.com.br\/index.php?rest_route=\/wp\/v2\/pages\/539\/revisions"}],"predecessor-version":[{"id":934,"href":"https:\/\/draanaluizabernardes.com.br\/index.php?rest_route=\/wp\/v2\/pages\/539\/revisions\/934"}],"wp:attachment":[{"href":"https:\/\/draanaluizabernardes.com.br\/index.php?rest_route=%2Fwp%2Fv2%2Fmedia&parent=539"}],"curies":[{"name":"wp","href":"https:\/\/api.w.org\/{rel}","templated":true}]}}